{"id":693,"date":"2024-12-09T17:35:20","date_gmt":"2024-12-09T16:35:20","guid":{"rendered":"https:\/\/www.gulliverzlin.cz\/wpress\/?page_id=693"},"modified":"2025-10-22T10:46:55","modified_gmt":"2025-10-22T08:46:55","slug":"darkove-poukazy","status":"publish","type":"page","link":"https:\/\/www.gulliverzlin.cz\/wpress\/darkove-poukazy\/","title":{"rendered":"D\u00e1rkov\u00e9 poukazy"},"content":{"rendered":"\n<p>Chcete n\u011bkomu v\u011bnovat z\u00e1\u017eitek vy\u017eivuj\u00edc\u00ed smysly i du\u0161i a z\u00e1rove\u0148 tak podpo\u0159it Velkokav\u00e1rnu Gulliver, unik\u00e1tn\u00ed zl\u00ednsk\u00fd atmosf\u00e9rick\u00fd podnik s vlastn\u00ed origin\u00e1ln\u00ed nab\u00eddkou a kulturn\u00edm programem? M\u00e1me pro v\u00e1s d\u00e1rkov\u00e9 poukazy v hodnot\u011b 500 K\u010d nebo 1000 K\u010d.&nbsp;Obdarovan\u00e9ho \u0161\u0165astlivce v na\u0161em caf\u00e9-bar-klubu \u010dek\u00e1 t\u0159eba gastro z\u00e1\u017eitek s na\u0161imi legend\u00e1rn\u00edmi&nbsp;tousty, vyhl\u00e1\u0161en\u00e9 dom\u00e1c\u00ed sodovky Syfoteus nebo&nbsp;vychytan\u00e9 drinky vlastn\u00edch&nbsp;origin\u00e1ln\u00edch receptur. Poukaz lze nav\u00edc pou\u017e\u00edt i jako vstupenku na n\u011bjakou z mnoha akc\u00ed z na\u0161eho pravideln\u00e9ho <a href=\"https:\/\/www.gulliverzlin.cz\/wpress\/program\/\" data-type=\"page\" data-id=\"98\">kulturn\u00edho&nbsp;programu<\/a>. D\u00e1rkov\u00e9 poukazy m\u016f\u017eete po\u0159\u00eddit online v elektronick\u00e9 verzi nebo se pro n\u011b stavit k n\u00e1m do podniku na bar.<\/p>\n\n\n\n<div class=\"wp-block-columns is-layout-flex wp-container-core-columns-is-layout-9d6595d7 wp-block-columns-is-layout-flex\">\n<div class=\"wp-block-column is-layout-flow wp-block-column-is-layout-flow\">\n<figure class=\"wp-block-image size-large\"><img fetchpriority=\"high\" decoding=\"async\" width=\"1024\" height=\"726\" src=\"https:\/\/www.gulliverzlin.cz\/wpress\/wp-content\/uploads\/2025\/10\/GULLIVER_darkovy-poukaz_500kc_2025-1024x726.png\" alt=\"\" class=\"wp-image-854\" srcset=\"https:\/\/www.gulliverzlin.cz\/wpress\/wp-content\/uploads\/2025\/10\/GULLIVER_darkovy-poukaz_500kc_2025-1024x726.png 1024w, https:\/\/www.gulliverzlin.cz\/wpress\/wp-content\/uploads\/2025\/10\/GULLIVER_darkovy-poukaz_500kc_2025-300x213.png 300w, https:\/\/www.gulliverzlin.cz\/wpress\/wp-content\/uploads\/2025\/10\/GULLIVER_darkovy-poukaz_500kc_2025-768x545.png 768w, https:\/\/www.gulliverzlin.cz\/wpress\/wp-content\/uploads\/2025\/10\/GULLIVER_darkovy-poukaz_500kc_2025-1536x1090.png 1536w, https:\/\/www.gulliverzlin.cz\/wpress\/wp-content\/uploads\/2025\/10\/GULLIVER_darkovy-poukaz_500kc_2025-150x106.png 150w, https:\/\/www.gulliverzlin.cz\/wpress\/wp-content\/uploads\/2025\/10\/GULLIVER_darkovy-poukaz_500kc_2025-211x150.png 211w, https:\/\/www.gulliverzlin.cz\/wpress\/wp-content\/uploads\/2025\/10\/GULLIVER_darkovy-poukaz_500kc_2025.png 1748w\" sizes=\"(max-width: 1024px) 100vw, 1024px\" \/><\/figure>\n\n\n\n<div class=\"wp-block-buttons is-content-justification-center is-layout-flex wp-container-core-buttons-is-layout-16018d1d wp-block-buttons-is-layout-flex\">\n<div class=\"wp-block-button\"><a class=\"wp-block-button__link wp-element-button\" href=\"https:\/\/form.simpleshop.cz\/8oErn\/buy\/\"><strong>Koupit d\u00e1rkov\u00fd poukaz 500 K\u010d<\/strong><\/a><\/div>\n<\/div>\n\n\n\n\n\n\n\n\n<\/div>\n\n\n\n<div class=\"wp-block-column is-layout-flow wp-block-column-is-layout-flow\">\n<figure class=\"wp-block-image size-large\"><img decoding=\"async\" width=\"1024\" height=\"726\" src=\"https:\/\/www.gulliverzlin.cz\/wpress\/wp-content\/uploads\/2025\/10\/GULLIVER_darkovy-poukaz_1000kc_2025-1024x726.png\" alt=\"\" class=\"wp-image-855\" srcset=\"https:\/\/www.gulliverzlin.cz\/wpress\/wp-content\/uploads\/2025\/10\/GULLIVER_darkovy-poukaz_1000kc_2025-1024x726.png 1024w, https:\/\/www.gulliverzlin.cz\/wpress\/wp-content\/uploads\/2025\/10\/GULLIVER_darkovy-poukaz_1000kc_2025-300x213.png 300w, https:\/\/www.gulliverzlin.cz\/wpress\/wp-content\/uploads\/2025\/10\/GULLIVER_darkovy-poukaz_1000kc_2025-768x545.png 768w, https:\/\/www.gulliverzlin.cz\/wpress\/wp-content\/uploads\/2025\/10\/GULLIVER_darkovy-poukaz_1000kc_2025-1536x1090.png 1536w, https:\/\/www.gulliverzlin.cz\/wpress\/wp-content\/uploads\/2025\/10\/GULLIVER_darkovy-poukaz_1000kc_2025-150x106.png 150w, https:\/\/www.gulliverzlin.cz\/wpress\/wp-content\/uploads\/2025\/10\/GULLIVER_darkovy-poukaz_1000kc_2025-211x150.png 211w, https:\/\/www.gulliverzlin.cz\/wpress\/wp-content\/uploads\/2025\/10\/GULLIVER_darkovy-poukaz_1000kc_2025.png 1748w\" sizes=\"(max-width: 1024px) 100vw, 1024px\" \/><\/figure>\n\n\n\n<div class=\"wp-block-buttons is-content-justification-center is-layout-flex wp-container-core-buttons-is-layout-16018d1d wp-block-buttons-is-layout-flex\">\n<div class=\"wp-block-button\"><a class=\"wp-block-button__link wp-element-button\" href=\"https:\/\/form.simpleshop.cz\/63Ow8\/buy\/\"><strong>Koupit d\u00e1rkov\u00fd poukaz 1000 K\u010d<\/strong><\/a><\/div>\n<\/div>\n<\/div>\n<\/div>\n\n\n\n\n","protected":false},"excerpt":{"rendered":"<p>Chcete n\u011bkomu v\u011bnovat z\u00e1\u017eitek vy\u017eivuj\u00edc\u00ed smysly i du\u0161i a z\u00e1rove\u0148 tak podpo\u0159it Velkokav\u00e1rnu Gulliver, unik\u00e1tn\u00ed zl\u00ednsk\u00fd atmosf\u00e9rick\u00fd podnik s vlastn\u00ed origin\u00e1ln\u00ed nab\u00eddkou a kulturn\u00edm programem? M\u00e1me pro v\u00e1s d\u00e1rkov\u00e9 poukazy v hodnot\u011b 500 K\u010d nebo 1000 K\u010d.&nbsp;Obdarovan\u00e9ho \u0161\u0165astlivce v na\u0161em caf\u00e9-bar-klubu \u010dek\u00e1 t\u0159eba gastro z\u00e1\u017eitek s na\u0161imi legend\u00e1rn\u00edmi&nbsp;tousty, vyhl\u00e1\u0161en\u00e9 dom\u00e1c\u00ed&#8230; <a class=\"continue-reading-link\" href=\"https:\/\/www.gulliverzlin.cz\/wpress\/darkove-poukazy\/\"> Continue reading <span class=\"meta-nav\">&rarr; <\/span><\/a><\/p>\n","protected":false},"author":1,"featured_media":0,"parent":0,"menu_order":0,"comment_status":"closed","ping_status":"open","template":"","meta":{"footnotes":""},"class_list":["post-693","page","type-page","status-publish","hentry"],"_links":{"self":[{"href":"https:\/\/www.gulliverzlin.cz\/wpress\/wp-json\/wp\/v2\/pages\/693","targetHints":{"allow":["GET"]}}],"collection":[{"href":"https:\/\/www.gulliverzlin.cz\/wpress\/wp-json\/wp\/v2\/pages"}],"about":[{"href":"https:\/\/www.gulliverzlin.cz\/wpress\/wp-json\/wp\/v2\/types\/page"}],"author":[{"embeddable":true,"href":"https:\/\/www.gulliverzlin.cz\/wpress\/wp-json\/wp\/v2\/users\/1"}],"replies":[{"embeddable":true,"href":"https:\/\/www.gulliverzlin.cz\/wpress\/wp-json\/wp\/v2\/comments?post=693"}],"version-history":[{"count":5,"href":"https:\/\/www.gulliverzlin.cz\/wpress\/wp-json\/wp\/v2\/pages\/693\/revisions"}],"predecessor-version":[{"id":856,"href":"https:\/\/www.gulliverzlin.cz\/wpress\/wp-json\/wp\/v2\/pages\/693\/revisions\/856"}],"wp:attachment":[{"href":"https:\/\/www.gulliverzlin.cz\/wpress\/wp-json\/wp\/v2\/media?parent=693"}],"curies":[{"name":"wp","href":"https:\/\/api.w.org\/{rel}","templated":true}]}}