{"id":41,"date":"2018-11-23T16:39:33","date_gmt":"2018-11-23T15:39:33","guid":{"rendered":"http:\/\/www.gulliverzlin.cz\/wpress\/?page_id=41"},"modified":"2025-07-14T12:39:49","modified_gmt":"2025-07-14T10:39:49","slug":"kontakt","status":"publish","type":"page","link":"https:\/\/www.gulliverzlin.cz\/wpress\/kontakt\/","title":{"rendered":"Kontakt"},"content":{"rendered":"\n<p class=\"has-text-align-center\"><strong>Velkokav\u00e1rna GULLIVER<\/strong><\/p>\n\n\n\n<p style=\"text-align: center;\"><em>(provozovatel \u010cernob\u00edl\u00e9 centrum s. r. o.)<\/em><\/p>\n\n\n\n<div class=\"wp-block-columns is-layout-flex wp-container-core-columns-is-layout-9d6595d7 wp-block-columns-is-layout-flex\">\n<div class=\"wp-block-column is-vertically-aligned-center is-layout-flow wp-block-column-is-layout-flow\" style=\"flex-basis:50%\"><div class=\"wp-block-image\">\n<figure class=\"aligncenter is-resized\"><a href=\"https:\/\/www.facebook.com\/Gulliverzlin\/\" target=\"_blank\" rel=\"noopener\"><img decoding=\"async\" src=\"http:\/\/www.gulliverzlin.cz\/wpress\/wp-content\/uploads\/2018\/12\/fb.png\" alt=\"\" style=\"width:241px;height:auto\"\/><\/a><\/figure>\n<\/div><\/div>\n\n\n\n<div class=\"wp-block-column is-vertically-aligned-center is-layout-flow wp-block-column-is-layout-flow\" style=\"flex-basis:50%\"><div class=\"wp-block-image\">\n<figure class=\"aligncenter size-full is-resized\"><a href=\"https:\/\/www.instagram.com\/velkokavarna_gulliver\/\" target=\"_blank\" rel=\" noreferrer noopener\"><img fetchpriority=\"high\" decoding=\"async\" width=\"300\" height=\"300\" src=\"https:\/\/www.gulliverzlin.cz\/wpress\/wp-content\/uploads\/2022\/08\/hd-instagram-logo-new-design-is-png-format-18.webp\" alt=\"\" class=\"wp-image-337\" style=\"object-fit:cover;width:133px;height:133px\" srcset=\"https:\/\/www.gulliverzlin.cz\/wpress\/wp-content\/uploads\/2022\/08\/hd-instagram-logo-new-design-is-png-format-18.webp 300w, https:\/\/www.gulliverzlin.cz\/wpress\/wp-content\/uploads\/2022\/08\/hd-instagram-logo-new-design-is-png-format-18-150x150.webp 150w\" sizes=\"(max-width: 300px) 100vw, 300px\" \/><\/a><\/figure>\n<\/div><\/div>\n<\/div>\n\n\n\n<div style=\"height:100px\" aria-hidden=\"true\" class=\"wp-block-spacer\"><\/div>\n\n\n\n\n\n\n\n<div class=\"wp-block-group\"><div class=\"wp-block-group__inner-container is-layout-constrained wp-block-group-is-layout-constrained\">\n<p class=\"has-text-align-center\"><strong>Otev\u00edrac\u00ed doba:<\/strong><\/p>\n\n\n\n<hr class=\"wp-block-separator has-alpha-channel-opacity\"\/>\n\n\n\n<p style=\"text-align: center;\"><strong>PO\u00a0 \u00a0&#8211; \u00a0 otev\u0159eno na akce<\/strong><\/p>\n<p style=\"text-align: center;\"><strong>\u00daT\u00a0 \u00a0&#8211;\u00a0 \u00a018.00 &#8211; 23.00<\/strong><\/p>\n<p style=\"text-align: center;\"><strong>ST \u00a0 &#8211; \u00a0 18.00 &#8211; 23.00<\/strong><\/p>\n<p style=\"text-align: center;\"><strong>\u010cT \u00a0&#8211; \u00a0 18.00 &#8211; 23.00<\/strong><\/p>\n<p style=\"text-align: center;\"><strong>P\u00c1\u00a0 \u00a0&#8211;\u00a0 \u00a018.00 &#8211; 23.00<\/strong><\/p>\n<p style=\"text-align: center;\"><strong>SO\u00a0 \u00a0&#8211;\u00a0 \u00a0otev\u0159eno na akce<\/strong><\/p>\n<p style=\"text-align: center;\"><strong>NE\u00a0 \u00a0&#8211;\u00a0 \u00a0zav\u0159eno<\/strong><\/p>\n\n\n\n<hr class=\"wp-block-separator has-alpha-channel-opacity\"\/>\n\n\n\n<p style=\"text-align: center;\">.&nbsp;<\/p>\n<p style=\"text-align: center;\">V p\u0159\u00edpad\u011b z\u00e1jmu o uspo\u0159\u00e1d\u00e1n\u00ed kulturn\u00ed nebo jin\u00e9 akce mimo uvedenou otev\u00edrac\u00ed dobu<\/p>\n<p style=\"text-align: center;\">n\u00e1s kontaktujte a domluv\u00edme se.<\/p>\n<p>&nbsp;<\/p>\n<\/div><\/div>\n\n\n\n<p style=\"text-align: center;\"><strong>Adresa :<\/strong><\/p>\n\n\n\n<p class=\"has-text-align-center\">t\u0159\u00edda Tom\u00e1\u0161e Bati 3705 | Zl\u00edn | 760 01 | Poliklinika Zl\u00edn<\/p>\n\n\n\n<p style=\"text-align: center;\"><strong>Telefon :<\/strong><\/p>\n\n\n\n<p class=\"has-text-align-center\"><a href=\"tel:420778494780\" rel=\"nofollow\"><strong>+420 778 494 780<\/strong><\/a><\/p>\n\n\n\n<p class=\"has-text-align-center\"><em>(telefon v provozu pouze v dob\u011b otv\u00edrac\u00edch hodin)<\/em><\/p>\n\n\n\n<p style=\"text-align: center;\"><strong>Email :<\/strong><\/p>\n\n\n\n<p class=\"has-text-align-center\"><a href=\"mailto:info@gulliverzlin.cz\" target=\"_blank\" rel=\"noreferrer noopener\"><strong>info@gulliverzlin.cz<\/strong><\/a><\/p>\n\n\n\n<p class=\"has-text-align-center\"><iframe style=\"border: 0;\" src=\"https:\/\/www.google.com\/maps\/embed?pb=!1m18!1m12!1m3!1d2605.9268750010438!2d17.65265371528362!3d49.22091387932466!2m3!1f0!2f0!3f0!3m2!1i1024!2i768!4f13.1!3m3!1m2!1s0x4713734cc490d24d%3A0x47b16d1cad5b70e7!2sGULLIVER+kav%C3%A1rna!5e0!3m2!1scs!2scz!4v1543026000198\" width=\"600\" height=\"450\" frameborder=\"0\" allowfullscreen=\"allowfullscreen\"><\/iframe><\/p>\n\n\n\n<p class=\"has-text-align-center\">&nbsp;<\/p>\n","protected":false},"excerpt":{"rendered":"<p>Velkokav\u00e1rna GULLIVER (provozovatel \u010cernob\u00edl\u00e9 centrum s. r. o.) Otev\u00edrac\u00ed doba: PO\u00a0 \u00a0&#8211; \u00a0 otev\u0159eno na akce \u00daT\u00a0 \u00a0&#8211;\u00a0 \u00a018.00 &#8211; 23.00 ST \u00a0 &#8211; \u00a0 18.00 &#8211; 23.00 \u010cT \u00a0&#8211; \u00a0 18.00 &#8211; 23.00 P\u00c1\u00a0 \u00a0&#8211;\u00a0 \u00a018.00 &#8211; 23.00 SO\u00a0 \u00a0&#8211;\u00a0 \u00a0otev\u0159eno na akce NE\u00a0 \u00a0&#8211;\u00a0 \u00a0zav\u0159eno .&nbsp; V p\u0159\u00edpad\u011b&#8230; <a class=\"continue-reading-link\" href=\"https:\/\/www.gulliverzlin.cz\/wpress\/kontakt\/\"> Continue reading <span class=\"meta-nav\">&rarr; <\/span><\/a><\/p>\n","protected":false},"author":1,"featured_media":0,"parent":0,"menu_order":0,"comment_status":"closed","ping_status":"closed","template":"","meta":{"footnotes":""},"class_list":["post-41","page","type-page","status-publish","hentry"],"_links":{"self":[{"href":"https:\/\/www.gulliverzlin.cz\/wpress\/wp-json\/wp\/v2\/pages\/41","targetHints":{"allow":["GET"]}}],"collection":[{"href":"https:\/\/www.gulliverzlin.cz\/wpress\/wp-json\/wp\/v2\/pages"}],"about":[{"href":"https:\/\/www.gulliverzlin.cz\/wpress\/wp-json\/wp\/v2\/types\/page"}],"author":[{"embeddable":true,"href":"https:\/\/www.gulliverzlin.cz\/wpress\/wp-json\/wp\/v2\/users\/1"}],"replies":[{"embeddable":true,"href":"https:\/\/www.gulliverzlin.cz\/wpress\/wp-json\/wp\/v2\/comments?post=41"}],"version-history":[{"count":96,"href":"https:\/\/www.gulliverzlin.cz\/wpress\/wp-json\/wp\/v2\/pages\/41\/revisions"}],"predecessor-version":[{"id":837,"href":"https:\/\/www.gulliverzlin.cz\/wpress\/wp-json\/wp\/v2\/pages\/41\/revisions\/837"}],"wp:attachment":[{"href":"https:\/\/www.gulliverzlin.cz\/wpress\/wp-json\/wp\/v2\/media?parent=41"}],"curies":[{"name":"wp","href":"https:\/\/api.w.org\/{rel}","templated":true}]}}