{"id":32,"date":"2018-11-23T16:27:42","date_gmt":"2018-11-23T15:27:42","guid":{"rendered":"http:\/\/www.gulliverzlin.cz\/wpress\/?page_id=32"},"modified":"2022-09-29T19:53:33","modified_gmt":"2022-09-29T17:53:33","slug":"velkokavarna","status":"publish","type":"page","link":"https:\/\/www.gulliverzlin.cz\/wpress\/velkokavarna\/","title":{"rendered":"Velkokav\u00e1rna"},"content":{"rendered":"<p style=\"text-align: justify;\"><strong>Kav\u00e1rna<\/strong>, to jsou hned \u010dty\u0159i Gulliverovy sv\u011bty tvo\u0159en\u00e9 dv\u011bma intimn\u00edmi sal\u00f3nky <em>&#8222;Art deco<\/em>&#8220; a &#8222;<em>Carl Zeiss<\/em>&#8222;, masivn\u00edm nasv\u00edcen\u00fdm barem a navazuj\u00edc\u00edm \u00fast\u0159edn\u00edm velk\u00fdm prostorem vhodn\u00fdm pro setk\u00e1v\u00e1n\u00ed se s p\u0159\u00e1teli a celou \u0159adu kulturn\u00edch a spole\u010densk\u00fdch ud\u00e1lost\u00ed, soukrom\u00fdch oslav a firemn\u00edch ve\u010d\u00edrk\u016f. Elegantn\u00ed styl kav\u00e1rny ct\u00ed sv\u00fdmi prvky d\u00e1vnou atmosf\u00e9ru Zl\u00edna i g\u00e9nius locci budovy a jeho hlavn\u00ed ambic\u00ed je srozumitelnost a prolnut\u00ed v\u0161ech generac\u00ed klient\u016f. Tradi\u010dn\u00ed kav\u00e1rensk\u00fd sortiment je dopln\u011bn o jedine\u010dn\u00e9 pochutiny z dom\u00e1c\u00ed pek\u00e1rny, k\u00e1vu z d\u017eezvy, sez\u00f3nn\u011b lad\u011bn\u00e9 bylinn\u00e9 \u010daje, k\u00e1voviny, kr\u00e1sn\u00e1 v\u00edna a dal\u0161\u00ed alkoholick\u00e9 i nealkoholick\u00e9 n\u00e1poje. Za zm\u00ednku stoj\u00ed nab\u00eddka z v\u00edce ne\u017e des\u00edtky toust\u016f vlastn\u00edch receptur a v neposledn\u00ed \u0159ad\u011b na\u0161e \u010dajobylinn\u00e9 luhovan\u00e9 sodovky-limon\u00e1dy pod zna\u010dkou <em>SYFOTEUS<\/em>.<\/p>\n<p style=\"text-align: justify;\">\u00a0<\/p>\n\n\n<figure class=\"wp-block-image size-large\"><img fetchpriority=\"high\" decoding=\"async\" width=\"1024\" height=\"683\" src=\"https:\/\/www.gulliverzlin.cz\/wpress\/wp-content\/uploads\/2022\/09\/IMG_6859-1024x683.jpg\" alt=\"\" class=\"wp-image-352\" srcset=\"https:\/\/www.gulliverzlin.cz\/wpress\/wp-content\/uploads\/2022\/09\/IMG_6859-1024x683.jpg 1024w, https:\/\/www.gulliverzlin.cz\/wpress\/wp-content\/uploads\/2022\/09\/IMG_6859-300x200.jpg 300w, https:\/\/www.gulliverzlin.cz\/wpress\/wp-content\/uploads\/2022\/09\/IMG_6859-768x512.jpg 768w, https:\/\/www.gulliverzlin.cz\/wpress\/wp-content\/uploads\/2022\/09\/IMG_6859-1536x1024.jpg 1536w, https:\/\/www.gulliverzlin.cz\/wpress\/wp-content\/uploads\/2022\/09\/IMG_6859-2048x1365.jpg 2048w, https:\/\/www.gulliverzlin.cz\/wpress\/wp-content\/uploads\/2022\/09\/IMG_6859-150x100.jpg 150w, https:\/\/www.gulliverzlin.cz\/wpress\/wp-content\/uploads\/2022\/09\/IMG_6859-225x150.jpg 225w\" sizes=\"(max-width: 1024px) 100vw, 1024px\" \/><figcaption><em>Kav\u00e1rna<\/em><\/figcaption><\/figure>\n\n\n\n<figure class=\"wp-block-image size-large\"><img decoding=\"async\" width=\"1024\" height=\"683\" src=\"https:\/\/www.gulliverzlin.cz\/wpress\/wp-content\/uploads\/2022\/09\/IMG_6824-1024x683.jpg\" alt=\"\" class=\"wp-image-350\" srcset=\"https:\/\/www.gulliverzlin.cz\/wpress\/wp-content\/uploads\/2022\/09\/IMG_6824-1024x683.jpg 1024w, https:\/\/www.gulliverzlin.cz\/wpress\/wp-content\/uploads\/2022\/09\/IMG_6824-300x200.jpg 300w, https:\/\/www.gulliverzlin.cz\/wpress\/wp-content\/uploads\/2022\/09\/IMG_6824-768x512.jpg 768w, https:\/\/www.gulliverzlin.cz\/wpress\/wp-content\/uploads\/2022\/09\/IMG_6824-1536x1024.jpg 1536w, https:\/\/www.gulliverzlin.cz\/wpress\/wp-content\/uploads\/2022\/09\/IMG_6824-2048x1365.jpg 2048w, https:\/\/www.gulliverzlin.cz\/wpress\/wp-content\/uploads\/2022\/09\/IMG_6824-150x100.jpg 150w, https:\/\/www.gulliverzlin.cz\/wpress\/wp-content\/uploads\/2022\/09\/IMG_6824-225x150.jpg 225w\" sizes=\"(max-width: 1024px) 100vw, 1024px\" \/><figcaption><em>Art Deco<\/em><\/figcaption><\/figure>\n\n\n\n<figure class=\"wp-block-image size-large\"><img decoding=\"async\" width=\"1024\" height=\"683\" src=\"https:\/\/www.gulliverzlin.cz\/wpress\/wp-content\/uploads\/2022\/09\/IMG_6841-1024x683.jpg\" alt=\"\" class=\"wp-image-357\" srcset=\"https:\/\/www.gulliverzlin.cz\/wpress\/wp-content\/uploads\/2022\/09\/IMG_6841-1024x683.jpg 1024w, https:\/\/www.gulliverzlin.cz\/wpress\/wp-content\/uploads\/2022\/09\/IMG_6841-300x200.jpg 300w, https:\/\/www.gulliverzlin.cz\/wpress\/wp-content\/uploads\/2022\/09\/IMG_6841-768x512.jpg 768w, https:\/\/www.gulliverzlin.cz\/wpress\/wp-content\/uploads\/2022\/09\/IMG_6841-1536x1024.jpg 1536w, https:\/\/www.gulliverzlin.cz\/wpress\/wp-content\/uploads\/2022\/09\/IMG_6841-2048x1365.jpg 2048w, https:\/\/www.gulliverzlin.cz\/wpress\/wp-content\/uploads\/2022\/09\/IMG_6841-150x100.jpg 150w\" sizes=\"(max-width: 1024px) 100vw, 1024px\" \/><figcaption><em>Carl Zeiss<\/em><\/figcaption><\/figure>\n\n\n\n<p><\/p>\n\n\n\n<p><\/p>\n\n\n\n<p><strong>\u010cajovna<\/strong><\/p>\n\n\n\n<p>V putov\u00e1n\u00ed gulliverovsk\u00fdmi sv\u011bty lze pojmout cel\u00fd prostor tak\u00e9 jako \u010dajovnu. Pokud budete cht\u00edt iluzi sv\u00e9ho z\u00e1\u017eitku je\u0161t\u011b umocnit, m\u016f\u017eete pro vychutn\u00e1n\u00ed \u010dajov\u00fdch dou\u0161k\u016f vyu\u017e\u00edt dva \u010dajov\u00e9 sal\u00f3nky. Pro znalce kvalitn\u00edch tradi\u010dn\u00edch \u010daj\u016f nab\u00edz\u00edme sortiment \u010daj\u016f z cel\u00e9ho sv\u011bta obohacen\u00fd o sez\u00f3nn\u011b vybran\u00e9 bylinn\u00e9 \u010daje pro podporu zdrav\u00ed. Gulliverova \u010dajovna op\u011bt v\u00e1b\u00ed do sv\u00e9ho prostoru i rodiny s d\u011btmi, jeliko\u017e zde nenaleznete okol\u00ed \u0161kodliv\u00e9 tab\u00e1kov\u00e9 d\u00fdmky. Pro ty, kdo by cht\u011bli p\u0159eci jen okusit tradi\u010dn\u00ed vodn\u00ed d\u00fdmku, nab\u00edz\u00edme v indick\u00e9m sal\u00f3nku mo\u017enosti beznikotinov\u00fdch elektronick\u00fdch vodn\u00edch d\u00fdmek, kter\u00e9 nikterak ne\u0161kod\u00ed zdrav\u00ed pasivn\u00edch ku\u0159\u00e1k\u016f a zanech\u00e1vaj\u00ed \u010dist\u00fd vzduch.<\/p>\n\n\n\n<p><\/p>\n\n\n\n<figure class=\"wp-block-image size-large\"><img loading=\"lazy\" decoding=\"async\" width=\"1024\" height=\"683\" src=\"https:\/\/www.gulliverzlin.cz\/wpress\/wp-content\/uploads\/2022\/09\/IMG_6833-1024x683.jpg\" alt=\"\" class=\"wp-image-358\" srcset=\"https:\/\/www.gulliverzlin.cz\/wpress\/wp-content\/uploads\/2022\/09\/IMG_6833-1024x683.jpg 1024w, https:\/\/www.gulliverzlin.cz\/wpress\/wp-content\/uploads\/2022\/09\/IMG_6833-300x200.jpg 300w, https:\/\/www.gulliverzlin.cz\/wpress\/wp-content\/uploads\/2022\/09\/IMG_6833-768x512.jpg 768w, https:\/\/www.gulliverzlin.cz\/wpress\/wp-content\/uploads\/2022\/09\/IMG_6833-1536x1024.jpg 1536w, https:\/\/www.gulliverzlin.cz\/wpress\/wp-content\/uploads\/2022\/09\/IMG_6833-2048x1365.jpg 2048w, https:\/\/www.gulliverzlin.cz\/wpress\/wp-content\/uploads\/2022\/09\/IMG_6833-150x100.jpg 150w, https:\/\/www.gulliverzlin.cz\/wpress\/wp-content\/uploads\/2022\/09\/IMG_6833-225x150.jpg 225w\" sizes=\"(max-width: 1024px) 100vw, 1024px\" \/><figcaption><em>Sal\u00f3nek Hanzelky a Zikmunda<\/em><\/figcaption><\/figure>\n\n\n\n<figure class=\"wp-block-image size-large\"><img loading=\"lazy\" decoding=\"async\" width=\"1024\" height=\"683\" src=\"https:\/\/www.gulliverzlin.cz\/wpress\/wp-content\/uploads\/2022\/09\/IMG_6837-1024x683.jpg\" alt=\"\" class=\"wp-image-363\" srcset=\"https:\/\/www.gulliverzlin.cz\/wpress\/wp-content\/uploads\/2022\/09\/IMG_6837-1024x683.jpg 1024w, https:\/\/www.gulliverzlin.cz\/wpress\/wp-content\/uploads\/2022\/09\/IMG_6837-300x200.jpg 300w, https:\/\/www.gulliverzlin.cz\/wpress\/wp-content\/uploads\/2022\/09\/IMG_6837-768x512.jpg 768w, https:\/\/www.gulliverzlin.cz\/wpress\/wp-content\/uploads\/2022\/09\/IMG_6837-1536x1024.jpg 1536w, https:\/\/www.gulliverzlin.cz\/wpress\/wp-content\/uploads\/2022\/09\/IMG_6837-2048x1365.jpg 2048w, https:\/\/www.gulliverzlin.cz\/wpress\/wp-content\/uploads\/2022\/09\/IMG_6837-150x100.jpg 150w\" sizes=\"(max-width: 1024px) 100vw, 1024px\" \/><figcaption><em>Sal\u00f3nek Hanzelky a Zikmunda<\/em><\/figcaption><\/figure>\n\n\n\n<figure class=\"wp-block-image size-large\"><img loading=\"lazy\" decoding=\"async\" width=\"1024\" height=\"683\" src=\"https:\/\/www.gulliverzlin.cz\/wpress\/wp-content\/uploads\/2022\/09\/IMG_6828-1024x683.jpg\" alt=\"\" class=\"wp-image-349\" srcset=\"https:\/\/www.gulliverzlin.cz\/wpress\/wp-content\/uploads\/2022\/09\/IMG_6828-1024x683.jpg 1024w, https:\/\/www.gulliverzlin.cz\/wpress\/wp-content\/uploads\/2022\/09\/IMG_6828-300x200.jpg 300w, https:\/\/www.gulliverzlin.cz\/wpress\/wp-content\/uploads\/2022\/09\/IMG_6828-768x512.jpg 768w, https:\/\/www.gulliverzlin.cz\/wpress\/wp-content\/uploads\/2022\/09\/IMG_6828-1536x1024.jpg 1536w, https:\/\/www.gulliverzlin.cz\/wpress\/wp-content\/uploads\/2022\/09\/IMG_6828-2048x1365.jpg 2048w, https:\/\/www.gulliverzlin.cz\/wpress\/wp-content\/uploads\/2022\/09\/IMG_6828-150x100.jpg 150w, https:\/\/www.gulliverzlin.cz\/wpress\/wp-content\/uploads\/2022\/09\/IMG_6828-225x150.jpg 225w\" sizes=\"(max-width: 1024px) 100vw, 1024px\" \/><figcaption><em>Brusel<\/em><\/figcaption><\/figure>\n\n\n\n<figure class=\"wp-block-image size-large\"><img loading=\"lazy\" decoding=\"async\" width=\"1024\" height=\"683\" src=\"https:\/\/www.gulliverzlin.cz\/wpress\/wp-content\/uploads\/2022\/09\/IMG_6830-1024x683.jpg\" alt=\"\" class=\"wp-image-343\" srcset=\"https:\/\/www.gulliverzlin.cz\/wpress\/wp-content\/uploads\/2022\/09\/IMG_6830-1024x683.jpg 1024w, https:\/\/www.gulliverzlin.cz\/wpress\/wp-content\/uploads\/2022\/09\/IMG_6830-300x200.jpg 300w, https:\/\/www.gulliverzlin.cz\/wpress\/wp-content\/uploads\/2022\/09\/IMG_6830-768x512.jpg 768w, https:\/\/www.gulliverzlin.cz\/wpress\/wp-content\/uploads\/2022\/09\/IMG_6830-1536x1024.jpg 1536w, https:\/\/www.gulliverzlin.cz\/wpress\/wp-content\/uploads\/2022\/09\/IMG_6830-2048x1365.jpg 2048w, https:\/\/www.gulliverzlin.cz\/wpress\/wp-content\/uploads\/2022\/09\/IMG_6830-150x100.jpg 150w, https:\/\/www.gulliverzlin.cz\/wpress\/wp-content\/uploads\/2022\/09\/IMG_6830-225x150.jpg 225w\" sizes=\"(max-width: 1024px) 100vw, 1024px\" \/><figcaption><em>Brusel<\/em><\/figcaption><\/figure>\n","protected":false},"excerpt":{"rendered":"<p>Kav\u00e1rna, to jsou hned \u010dty\u0159i Gulliverovy sv\u011bty tvo\u0159en\u00e9 dv\u011bma intimn\u00edmi sal\u00f3nky &#8222;Art deco&#8220; a &#8222;Carl Zeiss&#8222;, masivn\u00edm nasv\u00edcen\u00fdm barem a navazuj\u00edc\u00edm \u00fast\u0159edn\u00edm velk\u00fdm prostorem vhodn\u00fdm pro setk\u00e1v\u00e1n\u00ed se s p\u0159\u00e1teli a celou \u0159adu kulturn\u00edch a spole\u010densk\u00fdch ud\u00e1lost\u00ed, soukrom\u00fdch oslav a firemn\u00edch ve\u010d\u00edrk\u016f. Elegantn\u00ed styl kav\u00e1rny ct\u00ed sv\u00fdmi prvky d\u00e1vnou atmosf\u00e9ru&#8230; <a class=\"continue-reading-link\" href=\"https:\/\/www.gulliverzlin.cz\/wpress\/velkokavarna\/\"> Continue reading <span class=\"meta-nav\">&rarr; <\/span><\/a><\/p>\n","protected":false},"author":1,"featured_media":0,"parent":0,"menu_order":0,"comment_status":"closed","ping_status":"closed","template":"","meta":{"footnotes":""},"class_list":["post-32","page","type-page","status-publish","hentry"],"_links":{"self":[{"href":"https:\/\/www.gulliverzlin.cz\/wpress\/wp-json\/wp\/v2\/pages\/32","targetHints":{"allow":["GET"]}}],"collection":[{"href":"https:\/\/www.gulliverzlin.cz\/wpress\/wp-json\/wp\/v2\/pages"}],"about":[{"href":"https:\/\/www.gulliverzlin.cz\/wpress\/wp-json\/wp\/v2\/types\/page"}],"author":[{"embeddable":true,"href":"https:\/\/www.gulliverzlin.cz\/wpress\/wp-json\/wp\/v2\/users\/1"}],"replies":[{"embeddable":true,"href":"https:\/\/www.gulliverzlin.cz\/wpress\/wp-json\/wp\/v2\/comments?post=32"}],"version-history":[{"count":18,"href":"https:\/\/www.gulliverzlin.cz\/wpress\/wp-json\/wp\/v2\/pages\/32\/revisions"}],"predecessor-version":[{"id":394,"href":"https:\/\/www.gulliverzlin.cz\/wpress\/wp-json\/wp\/v2\/pages\/32\/revisions\/394"}],"wp:attachment":[{"href":"https:\/\/www.gulliverzlin.cz\/wpress\/wp-json\/wp\/v2\/media?parent=32"}],"curies":[{"name":"wp","href":"https:\/\/api.w.org\/{rel}","templated":true}]}}